{"id":2489,"date":"2025-03-10T10:32:06","date_gmt":"2025-03-10T10:32:06","guid":{"rendered":"https:\/\/oren-ziv.co.il\/?page_id=2489"},"modified":"2025-09-24T20:18:37","modified_gmt":"2025-09-24T20:18:37","slug":"terapia-laser-de-baja-intensidad","status":"publish","type":"page","link":"https:\/\/oren-ziv.co.il\/pt\/terapia-laser-de-baja-intensidad\/","title":{"rendered":"Terapia l\u00e1ser de baja intensidad"},"content":{"rendered":"\t\t<div data-elementor-type=\"wp-page\" data-elementor-id=\"2489\" class=\"elementor elementor-2489\" data-elementor-post-type=\"page\">\n\t\t\t\t\t\t<section class=\"elementor-section elementor-top-section elementor-element elementor-element-03ec530 elementor-section-height-min-height elementor-section-boxed elementor-section-height-default elementor-section-items-middle\" data-id=\"03ec530\" data-element_type=\"section\" data-e-type=\"section\" data-settings=\"{&quot;background_background&quot;:&quot;classic&quot;}\">\n\t\t\t\t\t\t<div class=\"elementor-container elementor-column-gap-default\">\n\t\t\t\t\t<div class=\"elementor-column elementor-col-100 elementor-top-column elementor-element elementor-element-bfd2548\" data-id=\"bfd2548\" data-element_type=\"column\" data-e-type=\"column\">\n\t\t\t<div class=\"elementor-widget-wrap\">\n\t\t\t\t\t\t\t<\/div>\n\t\t<\/div>\n\t\t\t\t\t<\/div>\n\t\t<\/section>\n\t\t\t\t<section class=\"elementor-section elementor-top-section elementor-element elementor-element-2e789b3 elementor-section-boxed elementor-section-height-default elementor-section-height-default\" data-id=\"2e789b3\" data-element_type=\"section\" data-e-type=\"section\">\n\t\t\t\t\t\t<div class=\"elementor-container elementor-column-gap-default\">\n\t\t\t\t\t<div class=\"elementor-column elementor-col-100 elementor-top-column elementor-element elementor-element-7c088ee\" data-id=\"7c088ee\" data-element_type=\"column\" data-e-type=\"column\">\n\t\t\t<div class=\"elementor-widget-wrap elementor-element-populated\">\n\t\t\t\t\t\t<div class=\"elementor-element elementor-element-6ad959b elementor-widget elementor-widget-heading\" data-id=\"6ad959b\" data-element_type=\"widget\" data-e-type=\"widget\" data-widget_type=\"heading.default\">\n\t\t\t\t<div class=\"elementor-widget-container\">\n\t\t\t\t\t<h2 class=\"elementor-heading-title elementor-size-default\">terapia-laser-de-baja-intensidad<\/h2>\t\t\t\t<\/div>\n\t\t\t\t<\/div>\n\t\t\t\t\t<\/div>\n\t\t<\/div>\n\t\t\t\t\t<\/div>\n\t\t<\/section>\n\t\t\t\t<section class=\"elementor-section elementor-top-section elementor-element elementor-element-470839a elementor-section-boxed elementor-section-height-default elementor-section-height-default\" data-id=\"470839a\" data-element_type=\"section\" data-e-type=\"section\">\n\t\t\t\t\t\t<div class=\"elementor-container elementor-column-gap-default\">\n\t\t\t\t\t<div class=\"elementor-column elementor-col-100 elementor-top-column elementor-element elementor-element-2bd7330\" data-id=\"2bd7330\" data-element_type=\"column\" data-e-type=\"column\">\n\t\t\t<div class=\"elementor-widget-wrap elementor-element-populated\">\n\t\t\t\t\t\t<div class=\"elementor-element elementor-element-9fd1d5d elementor-widget elementor-widget-text-editor\" data-id=\"9fd1d5d\" data-element_type=\"widget\" data-e-type=\"widget\" data-widget_type=\"text-editor.default\">\n\t\t\t\t<div class=\"elementor-widget-container\">\n\t\t\t\t\t\t\t\t\t<p>Curso de <span style=\"color: #000000;\"><a style=\"color: #000000;\" href=\"https:\/\/oren-ziv.co.il\/laser-acupuncture-acupuncture-auricular-medicine-treating-pain\/\">Terapia L\u00e1ser<\/a><\/span> de Baja Intensidad y Evaluaci\u00f3n del Dolor con VAS<br \/>La terapia l\u00e1ser de baja intensidad <span style=\"color: #000000;\"><a style=\"color: #000000;\" href=\"https:\/\/en.wikipedia.org\/wiki\/Low-level_laser_therapy\" target=\"_blank\" rel=\"noopener\">(LLLT<\/a><\/span>) es una t\u00e9cnica avanzada y no invasiva que ha demostrado ser altamente efectiva en la reducci\u00f3n del dolor, la inflamaci\u00f3n y la regeneraci\u00f3n celular. Para los terapeutas, dominar esta tecnolog\u00eda puede marcar la diferencia en la recuperaci\u00f3n y bienestar de los pacientes.<\/p><p>En nuestro curso, no solo aprender\u00e1s a aplicar la terapia l\u00e1ser correctamente, sino que tambi\u00e9n te capacitaremos en el uso de la Escala Visual Anal\u00f3gica (VAS), una herramienta fundamental para medir la intensidad del dolor y evaluar la evoluci\u00f3n del paciente de manera objetiva.<\/p><p>\u00bfPor qu\u00e9 capacitarte en LLLT y VAS?<br \/>\u2714\ufe0f Mejora la precisi\u00f3n en la evaluaci\u00f3n del dolor<br \/>\u2714\ufe0f Optimiza la personalizaci\u00f3n de los tratamientos<br \/>\u2714\ufe0f Acelera la recuperaci\u00f3n de lesiones musculares y articulares<br \/>\u2714\ufe0f Integra tecnolog\u00eda avanzada en tu pr\u00e1ctica cl\u00ednica<\/p><p>\u00bfQu\u00e9 aprender\u00e1s en nuestro curso?<br \/>\ud83d\udd39 Fundamentos cient\u00edficos de la terapia l\u00e1ser<br \/>\ud83d\udd39 Aplicaciones en fisioterapia, rehabilitaci\u00f3n y medicina deportiva<br \/>\ud83d\udd39 Protocolos de tratamiento para diferentes patolog\u00edas<br \/>\ud83d\udd39 Uso correcto de la Escala Visual Anal\u00f3gica (VAS) para medir el dolor<br \/>\ud83d\udd39 Casos pr\u00e1cticos y demostraciones en vivo<\/p><p>\ud83d\udccd Modalidad: Presencial y online<br \/>\ud83d\udcdc Certificaci\u00f3n avalada por expertos en el \u00e1rea<\/p><p>\ud83d\udca1 Lleva tu pr\u00e1ctica al siguiente nivel con la terapia l\u00e1ser y una evaluaci\u00f3n precisa del dolor. \u00a1Inscr\u00edbete hoy!<\/p><p>\ud83d\udce9 Cont\u00e1ctanos para m\u00e1s informaci\u00f3n.<\/p><p>\u00a0<\/p>\t\t\t\t\t\t\t\t<\/div>\n\t\t\t\t<\/div>\n\t\t\t\t\t<\/div>\n\t\t<\/div>\n\t\t\t\t\t<\/div>\n\t\t<\/section>\n\t\t\t\t<section class=\"elementor-section elementor-top-section elementor-element elementor-element-19d653e4 elementor-section-boxed elementor-section-height-default elementor-section-height-default\" data-id=\"19d653e4\" data-element_type=\"section\" data-e-type=\"section\">\n\t\t\t\t\t\t<div class=\"elementor-container elementor-column-gap-default\">\n\t\t\t\t\t<div class=\"elementor-column elementor-col-20 elementor-top-column elementor-element elementor-element-4237f783\" data-id=\"4237f783\" data-element_type=\"column\" data-e-type=\"column\">\n\t\t\t<div class=\"elementor-widget-wrap elementor-element-populated\">\n\t\t\t\t\t\t<div class=\"elementor-element elementor-element-3dd7a102 elementor-widget elementor-widget-image\" data-id=\"3dd7a102\" data-element_type=\"widget\" data-e-type=\"widget\" data-widget_type=\"image.default\">\n\t\t\t\t<div class=\"elementor-widget-container\">\n\t\t\t\t\t\t\t\t\t\t\t\t<figure class=\"wp-caption\">\n\t\t\t\t\t\t\t\t\t\t\t<a href=\"https:\/\/oren-ziv.co.il\/veterinary-laser-therapy\/\">\n\t\t\t\t\t\t\t<img fetchpriority=\"high\" decoding=\"async\" width=\"1024\" height=\"1024\" src=\"https:\/\/oren-ziv.co.il\/wp-content\/uploads\/2024\/01\/vet-qq-1.jpg\" class=\"attachment-large size-large wp-image-940\" alt=\"Veterinary laser therapy\" srcset=\"https:\/\/oren-ziv.co.il\/wp-content\/uploads\/2024\/01\/vet-qq-1.jpg 1024w, https:\/\/oren-ziv.co.il\/wp-content\/uploads\/2024\/01\/vet-qq-1-300x300.jpg 300w, https:\/\/oren-ziv.co.il\/wp-content\/uploads\/2024\/01\/vet-qq-1-150x150.jpg 150w, https:\/\/oren-ziv.co.il\/wp-content\/uploads\/2024\/01\/vet-qq-1-768x768.jpg 768w\" sizes=\"(max-width: 1024px) 100vw, 1024px\" \/>\t\t\t\t\t\t\t\t<\/a>\n\t\t\t\t\t\t\t\t\t\t\t<figcaption class=\"widget-image-caption wp-caption-text\">Laser veterin\u00e1rio<\/figcaption>\n\t\t\t\t\t\t\t\t\t\t<\/figure>\n\t\t\t\t\t\t\t\t\t<\/div>\n\t\t\t\t<\/div>\n\t\t\t\t\t<\/div>\n\t\t<\/div>\n\t\t\t\t<div class=\"elementor-column elementor-col-20 elementor-top-column elementor-element elementor-element-45c157a0\" data-id=\"45c157a0\" data-element_type=\"column\" data-e-type=\"column\">\n\t\t\t<div class=\"elementor-widget-wrap elementor-element-populated\">\n\t\t\t\t\t\t<div class=\"elementor-element elementor-element-373b823a elementor-widget elementor-widget-image\" data-id=\"373b823a\" data-element_type=\"widget\" data-e-type=\"widget\" data-widget_type=\"image.default\">\n\t\t\t\t<div class=\"elementor-widget-container\">\n\t\t\t\t\t\t\t\t\t\t\t\t<figure class=\"wp-caption\">\n\t\t\t\t\t\t\t\t\t\t\t<a href=\"https:\/\/oren-ziv.co.il\/lightneedle\/\">\n\t\t\t\t\t\t\t<img decoding=\"async\" width=\"1024\" height=\"1024\" src=\"https:\/\/oren-ziv.co.il\/wp-content\/uploads\/2024\/01\/LightNeedle1024.jpg\" class=\"attachment-large size-large wp-image-711\" alt=\"LightNeedle\" srcset=\"https:\/\/oren-ziv.co.il\/wp-content\/uploads\/2024\/01\/LightNeedle1024.jpg 1024w, https:\/\/oren-ziv.co.il\/wp-content\/uploads\/2024\/01\/LightNeedle1024-300x300.jpg 300w, https:\/\/oren-ziv.co.il\/wp-content\/uploads\/2024\/01\/LightNeedle1024-150x150.jpg 150w, https:\/\/oren-ziv.co.il\/wp-content\/uploads\/2024\/01\/LightNeedle1024-768x768.jpg 768w\" sizes=\"(max-width: 1024px) 100vw, 1024px\" \/>\t\t\t\t\t\t\t\t<\/a>\n\t\t\t\t\t\t\t\t\t\t\t<figcaption class=\"widget-image-caption wp-caption-text\">Laser LightStream<\/figcaption>\n\t\t\t\t\t\t\t\t\t\t<\/figure>\n\t\t\t\t\t\t\t\t\t<\/div>\n\t\t\t\t<\/div>\n\t\t\t\t\t<\/div>\n\t\t<\/div>\n\t\t\t\t<div class=\"elementor-column elementor-col-20 elementor-top-column elementor-element elementor-element-31bc2056\" data-id=\"31bc2056\" data-element_type=\"column\" data-e-type=\"column\">\n\t\t\t<div class=\"elementor-widget-wrap elementor-element-populated\">\n\t\t\t\t\t\t<div class=\"elementor-element elementor-element-2cd54d69 elementor-widget elementor-widget-image\" data-id=\"2cd54d69\" data-element_type=\"widget\" data-e-type=\"widget\" data-widget_type=\"image.default\">\n\t\t\t\t<div class=\"elementor-widget-container\">\n\t\t\t\t\t\t\t\t\t\t\t\t<figure class=\"wp-caption\">\n\t\t\t\t\t\t\t\t\t\t\t<a href=\"https:\/\/oren-ziv.co.il\/physiolaser-olympic\/\">\n\t\t\t\t\t\t\t<img decoding=\"async\" width=\"1024\" height=\"1024\" src=\"https:\/\/oren-ziv.co.il\/wp-content\/uploads\/2024\/01\/PhysioLaser-Olympic-1024.jpg\" class=\"attachment-large size-large wp-image-710\" alt=\"PhysioLaser Olympic\" srcset=\"https:\/\/oren-ziv.co.il\/wp-content\/uploads\/2024\/01\/PhysioLaser-Olympic-1024.jpg 1024w, https:\/\/oren-ziv.co.il\/wp-content\/uploads\/2024\/01\/PhysioLaser-Olympic-1024-300x300.jpg 300w, https:\/\/oren-ziv.co.il\/wp-content\/uploads\/2024\/01\/PhysioLaser-Olympic-1024-150x150.jpg 150w, https:\/\/oren-ziv.co.il\/wp-content\/uploads\/2024\/01\/PhysioLaser-Olympic-1024-768x768.jpg 768w\" sizes=\"(max-width: 1024px) 100vw, 1024px\" \/>\t\t\t\t\t\t\t\t<\/a>\n\t\t\t\t\t\t\t\t\t\t\t<figcaption class=\"widget-image-caption wp-caption-text\">Physiolaser Olympic<\/figcaption>\n\t\t\t\t\t\t\t\t\t\t<\/figure>\n\t\t\t\t\t\t\t\t\t<\/div>\n\t\t\t\t<\/div>\n\t\t\t\t\t<\/div>\n\t\t<\/div>\n\t\t\t\t<div class=\"elementor-column elementor-col-20 elementor-top-column elementor-element elementor-element-4eed8571\" data-id=\"4eed8571\" data-element_type=\"column\" data-e-type=\"column\">\n\t\t\t<div class=\"elementor-widget-wrap elementor-element-populated\">\n\t\t\t\t\t\t<div class=\"elementor-element elementor-element-c26271c elementor-widget elementor-widget-image\" data-id=\"c26271c\" data-element_type=\"widget\" data-e-type=\"widget\" data-widget_type=\"image.default\">\n\t\t\t\t<div class=\"elementor-widget-container\">\n\t\t\t\t\t\t\t\t\t\t\t\t<figure class=\"wp-caption\">\n\t\t\t\t\t\t\t\t\t\t\t<a href=\"https:\/\/oren-ziv.co.il\/lightstream-laser\/\">\n\t\t\t\t\t\t\t<img loading=\"lazy\" decoding=\"async\" width=\"1024\" height=\"1024\" src=\"https:\/\/oren-ziv.co.il\/wp-content\/uploads\/2024\/01\/LightStream-1024.jpg\" class=\"attachment-large size-large wp-image-702\" alt=\"LightStream\" srcset=\"https:\/\/oren-ziv.co.il\/wp-content\/uploads\/2024\/01\/LightStream-1024.jpg 1024w, https:\/\/oren-ziv.co.il\/wp-content\/uploads\/2024\/01\/LightStream-1024-300x300.jpg 300w, https:\/\/oren-ziv.co.il\/wp-content\/uploads\/2024\/01\/LightStream-1024-150x150.jpg 150w, https:\/\/oren-ziv.co.il\/wp-content\/uploads\/2024\/01\/LightStream-1024-768x768.jpg 768w\" sizes=\"(max-width: 1024px) 100vw, 1024px\" \/>\t\t\t\t\t\t\t\t<\/a>\n\t\t\t\t\t\t\t\t\t\t\t<figcaption class=\"widget-image-caption wp-caption-text\">LightStream laser <\/figcaption>\n\t\t\t\t\t\t\t\t\t\t<\/figure>\n\t\t\t\t\t\t\t\t\t<\/div>\n\t\t\t\t<\/div>\n\t\t\t\t\t<\/div>\n\t\t<\/div>\n\t\t\t\t<div class=\"elementor-column elementor-col-20 elementor-top-column elementor-element elementor-element-c422603\" data-id=\"c422603\" data-element_type=\"column\" data-e-type=\"column\">\n\t\t\t<div class=\"elementor-widget-wrap elementor-element-populated\">\n\t\t\t\t\t\t<div class=\"elementor-element elementor-element-e6c2f44 elementor-widget elementor-widget-image\" data-id=\"e6c2f44\" data-element_type=\"widget\" data-e-type=\"widget\" data-widget_type=\"image.default\">\n\t\t\t\t<div class=\"elementor-widget-container\">\n\t\t\t\t\t\t\t\t\t\t\t\t<figure class=\"wp-caption\">\n\t\t\t\t\t\t\t\t\t\t\t<a href=\"https:\/\/oren-ziv.co.il\/laser-pen-4\/\">\n\t\t\t\t\t\t\t<img loading=\"lazy\" decoding=\"async\" width=\"1024\" height=\"1024\" src=\"https:\/\/oren-ziv.co.il\/wp-content\/uploads\/2024\/01\/LASER-PEN-1024.jpg\" class=\"attachment-large size-large wp-image-706\" alt=\"LASER PEN\" srcset=\"https:\/\/oren-ziv.co.il\/wp-content\/uploads\/2024\/01\/LASER-PEN-1024.jpg 1024w, https:\/\/oren-ziv.co.il\/wp-content\/uploads\/2024\/01\/LASER-PEN-1024-300x300.jpg 300w, https:\/\/oren-ziv.co.il\/wp-content\/uploads\/2024\/01\/LASER-PEN-1024-150x150.jpg 150w, https:\/\/oren-ziv.co.il\/wp-content\/uploads\/2024\/01\/LASER-PEN-1024-768x768.jpg 768w\" sizes=\"(max-width: 1024px) 100vw, 1024px\" \/>\t\t\t\t\t\t\t\t<\/a>\n\t\t\t\t\t\t\t\t\t\t\t<figcaption class=\"widget-image-caption wp-caption-text\">L\u00e1piz l\u00e1ser<\/figcaption>\n\t\t\t\t\t\t\t\t\t\t<\/figure>\n\t\t\t\t\t\t\t\t\t<\/div>\n\t\t\t\t<\/div>\n\t\t\t\t\t<\/div>\n\t\t<\/div>\n\t\t\t\t\t<\/div>\n\t\t<\/section>\n\t\t\t\t<section class=\"elementor-section elementor-top-section elementor-element elementor-element-2fad4928 elementor-section-boxed elementor-section-height-default elementor-section-height-default\" data-id=\"2fad4928\" data-element_type=\"section\" data-e-type=\"section\">\n\t\t\t\t\t\t<div class=\"elementor-container elementor-column-gap-default\">\n\t\t\t\t\t<div class=\"elementor-column elementor-col-100 elementor-top-column elementor-element elementor-element-18c9dfe9\" data-id=\"18c9dfe9\" data-element_type=\"column\" data-e-type=\"column\">\n\t\t\t<div class=\"elementor-widget-wrap elementor-element-populated\">\n\t\t\t\t\t\t<div class=\"elementor-element elementor-element-25d5b8d8 elementor-align-center elementor-widget elementor-widget-button\" data-id=\"25d5b8d8\" data-element_type=\"widget\" data-e-type=\"widget\" data-widget_type=\"button.default\">\n\t\t\t\t<div class=\"elementor-widget-container\">\n\t\t\t\t\t\t\t\t\t<div class=\"elementor-button-wrapper\">\n\t\t\t\t\t<a class=\"elementor-button elementor-button-link elementor-size-sm\" href=\"#form\">\n\t\t\t\t\t\t<span class=\"elementor-button-content-wrapper\">\n\t\t\t\t\t\t\t\t\t<span class=\"elementor-button-text\">BUKA JWALE<\/span>\n\t\t\t\t\t<\/span>\n\t\t\t\t\t<\/a>\n\t\t\t\t<\/div>\n\t\t\t\t\t\t\t\t<\/div>\n\t\t\t\t<\/div>\n\t\t\t\t\t<\/div>\n\t\t<\/div>\n\t\t\t\t\t<\/div>\n\t\t<\/section>\n\t\t\t\t<section class=\"elementor-section elementor-top-section elementor-element elementor-element-815a9e8 elementor-section-boxed elementor-section-height-default elementor-section-height-default\" data-id=\"815a9e8\" data-element_type=\"section\" data-e-type=\"section\" data-settings=\"{&quot;background_background&quot;:&quot;classic&quot;}\">\n\t\t\t\t\t\t<div class=\"elementor-container elementor-column-gap-default\">\n\t\t\t\t\t<div class=\"elementor-column elementor-col-100 elementor-top-column elementor-element elementor-element-759c39f4\" data-id=\"759c39f4\" data-element_type=\"column\" data-e-type=\"column\">\n\t\t\t<div class=\"elementor-widget-wrap elementor-element-populated\">\n\t\t\t\t\t\t<div class=\"elementor-element elementor-element-18df78cf elementor-button-align-stretch elementor-widget elementor-widget-form\" data-id=\"18df78cf\" data-element_type=\"widget\" data-e-type=\"widget\" id=\"form\" data-settings=\"{&quot;step_next_label&quot;:&quot;Next&quot;,&quot;step_previous_label&quot;:&quot;Previous&quot;,&quot;button_width&quot;:&quot;100&quot;,&quot;step_type&quot;:&quot;number_text&quot;,&quot;step_icon_shape&quot;:&quot;circle&quot;}\" data-widget_type=\"form.default\">\n\t\t\t\t<div class=\"elementor-widget-container\">\n\t\t\t\t\t\t\t<form class=\"elementor-form\" method=\"post\" name=\"New Form\" aria-label=\"New Form\">\n\t\t\t<input type=\"hidden\" name=\"post_id\" value=\"2489\"\/>\n\t\t\t<input type=\"hidden\" name=\"form_id\" value=\"18df78cf\"\/>\n\t\t\t<input type=\"hidden\" name=\"referer_title\" value=\"Terapia l\u00e1ser de baja intensidad | OL\u00c1 OREN LASER ACUPUNCTURE\" \/>\n\n\t\t\t\t\t\t\t<input type=\"hidden\" name=\"queried_id\" value=\"2489\"\/>\n\t\t\t\n\t\t\t<div class=\"elementor-form-fields-wrapper elementor-labels-above\">\n\t\t\t\t\t\t\t\t<div class=\"elementor-field-type-text elementor-field-group elementor-column elementor-field-group-name elementor-col-100 elementor-field-required\">\n\t\t\t\t\t\t\t\t\t\t\t\t<label for=\"form-field-name\" class=\"elementor-field-label\">\n\t\t\t\t\t\t\t\tNombre\t\t\t\t\t\t\t<\/label>\n\t\t\t\t\t\t\t\t\t\t\t\t\t\t<input size=\"1\" type=\"text\" name=\"form_fields[name]\" id=\"form-field-name\" class=\"elementor-field elementor-size-sm  elementor-field-textual\" placeholder=\"Nome\" required=\"required\">\n\t\t\t\t\t\t\t\t\t\t\t<\/div>\n\t\t\t\t\t\t\t\t<div class=\"elementor-field-type-email elementor-field-group elementor-column elementor-field-group-email elementor-col-100 elementor-field-required\">\n\t\t\t\t\t\t\t\t\t\t\t\t<label for=\"form-field-email\" class=\"elementor-field-label\">\n\t\t\t\t\t\t\t\tCorreo electr\u00f3nico\t\t\t\t\t\t\t<\/label>\n\t\t\t\t\t\t\t\t\t\t\t\t\t\t<input size=\"1\" type=\"email\" name=\"form_fields[email]\" id=\"form-field-email\" class=\"elementor-field elementor-size-sm  elementor-field-textual\" placeholder=\"Correo electr\u00f3nico\" required=\"required\">\n\t\t\t\t\t\t\t\t\t\t\t<\/div>\n\t\t\t\t\t\t\t\t<div class=\"elementor-field-type-textarea elementor-field-group elementor-column elementor-field-group-message elementor-col-100\">\n\t\t\t\t\t\t\t\t\t\t\t\t<label for=\"form-field-message\" class=\"elementor-field-label\">\n\t\t\t\t\t\t\t\tMensaje\t\t\t\t\t\t\t<\/label>\n\t\t\t\t\t\t<textarea class=\"elementor-field-textual elementor-field  elementor-size-sm\" name=\"form_fields[message]\" id=\"form-field-message\" rows=\"4\" placeholder=\"Mensaje\"><\/textarea>\t\t\t\t<\/div>\n\t\t\t\t\t\t\t\t<div class=\"elementor-field-group elementor-column elementor-field-type-submit elementor-col-100 e-form__buttons\">\n\t\t\t\t\t<button class=\"elementor-button elementor-size-sm\" type=\"submit\">\n\t\t\t\t\t\t<span class=\"elementor-button-content-wrapper\">\n\t\t\t\t\t\t\t\t\t\t\t\t\t\t\t\t\t\t\t\t\t\t<span class=\"elementor-button-text\">Enviar<\/span>\n\t\t\t\t\t\t\t\t\t\t\t\t\t<\/span>\n\t\t\t\t\t<\/button>\n\t\t\t\t<\/div>\n\t\t\t<\/div>\n\t\t<input\n                    class=\"apbct_special_field apbct_email_id__elementor_form\"\n                    name=\"apbct__email_id__elementor_form\"\n                    aria-label=\"apbct__label_id__elementor_form\"\n                    type=\"text\" size=\"30\" maxlength=\"200\" autocomplete=\"off\"\n                    value=\"\"\n                \/><\/form>\n\t\t\t\t\t\t<\/div>\n\t\t\t\t<\/div>\n\t\t\t\t\t<\/div>\n\t\t<\/div>\n\t\t\t\t\t<\/div>\n\t\t<\/section>\n\t\t\t\t<section class=\"elementor-section elementor-top-section elementor-element elementor-element-d099aef elementor-section-boxed elementor-section-height-default elementor-section-height-default\" data-id=\"d099aef\" data-element_type=\"section\" data-e-type=\"section\">\n\t\t\t\t\t\t<div class=\"elementor-container elementor-column-gap-default\">\n\t\t\t\t\t<div class=\"elementor-column elementor-col-100 elementor-top-column elementor-element elementor-element-64af444\" data-id=\"64af444\" data-element_type=\"column\" data-e-type=\"column\">\n\t\t\t<div class=\"elementor-widget-wrap elementor-element-populated\">\n\t\t\t\t\t\t<div class=\"elementor-element elementor-element-0d0f958 elementor-widget elementor-widget-heading\" data-id=\"0d0f958\" data-element_type=\"widget\" data-e-type=\"widget\" data-widget_type=\"heading.default\">\n\t\t\t\t<div class=\"elementor-widget-container\">\n\t\t\t\t\t<h3 class=\"elementor-heading-title elementor-size-default\">\u201cSi eres profesional y quieres aprender m\u00e1s sobre cursos y equipos RJ Laser, visita nuestra academia \u2192 OLA Laser Academy\n<\/h3>\t\t\t\t<\/div>\n\t\t\t\t<\/div>\n\t\t\t\t\t<\/div>\n\t\t<\/div>\n\t\t\t\t\t<\/div>\n\t\t<\/section>\n\t\t\t\t<section class=\"elementor-section elementor-top-section elementor-element elementor-element-50c94704 elementor-section-boxed elementor-section-height-default elementor-section-height-default\" data-id=\"50c94704\" data-element_type=\"section\" data-e-type=\"section\">\n\t\t\t\t\t\t<div class=\"elementor-container elementor-column-gap-default\">\n\t\t\t\t\t<div class=\"elementor-column elementor-col-100 elementor-top-column elementor-element elementor-element-11101a9\" data-id=\"11101a9\" data-element_type=\"column\" data-e-type=\"column\">\n\t\t\t<div class=\"elementor-widget-wrap elementor-element-populated\">\n\t\t\t\t\t\t<div class=\"elementor-element elementor-element-1e784856 elementor-align-center elementor-widget elementor-widget-button\" data-id=\"1e784856\" data-element_type=\"widget\" data-e-type=\"widget\" data-widget_type=\"button.default\">\n\t\t\t\t<div class=\"elementor-widget-container\">\n\t\t\t\t\t\t\t\t\t<div class=\"elementor-button-wrapper\">\n\t\t\t\t\t<a class=\"elementor-button elementor-button-link elementor-size-sm\" href=\"https:\/\/oren-ziv.co.il\/\">\n\t\t\t\t\t\t<span class=\"elementor-button-content-wrapper\">\n\t\t\t\t\t\t\t\t\t<span class=\"elementor-button-text\">Reserva tu cita<\/span>\n\t\t\t\t\t<\/span>\n\t\t\t\t\t<\/a>\n\t\t\t\t<\/div>\n\t\t\t\t\t\t\t\t<\/div>\n\t\t\t\t<\/div>\n\t\t\t\t\t<\/div>\n\t\t<\/div>\n\t\t\t\t\t<\/div>\n\t\t<\/section>\n\t\t\t\t<\/div>\n\t\t","protected":false},"excerpt":{"rendered":"<p>terapia-laser-de-baja-intensidad Curso de Terapia L\u00e1ser de Baja Intensidad y Evaluaci\u00f3n del Dolor con VASLa terapia l\u00e1ser de baja intensidad (LLLT) es una t\u00e9cnica avanzada y no invasiva que ha demostrado ser altamente efectiva en la reducci\u00f3n del dolor, la inflamaci\u00f3n y la regeneraci\u00f3n celular. Para los terapeutas, dominar esta tecnolog\u00eda puede marcar la diferencia en [&hellip;]<\/p>\n","protected":false},"author":1,"featured_media":0,"parent":0,"menu_order":0,"comment_status":"closed","ping_status":"closed","template":"elementor_canvas","meta":{"site-sidebar-layout":"no-sidebar","site-content-layout":"page-builder","ast-site-content-layout":"","site-content-style":"default","site-sidebar-style":"default","ast-global-header-display":"","ast-banner-title-visibility":"","ast-main-header-display":"","ast-hfb-above-header-display":"","ast-hfb-below-header-display":"","ast-hfb-mobile-header-display":"","site-post-title":"disabled","ast-breadcrumbs-content":"","ast-featured-img":"disabled","footer-sml-layout":"","ast-disable-related-posts":"","theme-transparent-header-meta":"","adv-header-id-meta":"","stick-header-meta":"","header-above-stick-meta":"","header-main-stick-meta":"","header-below-stick-meta":"","astra-migrate-meta-layouts":"","ast-page-background-enabled":"default","ast-page-background-meta":{"desktop":{"background-color":"var(--ast-global-color-4)","background-image":"","background-repeat":"repeat","background-position":"center center","background-size":"auto","background-attachment":"scroll","background-type":"","background-media":"","overlay-type":"","overlay-color":"","overlay-opacity":"","overlay-gradient":""},"tablet":{"background-color":"","background-image":"","background-repeat":"repeat","background-position":"center center","background-size":"auto","background-attachment":"scroll","background-type":"","background-media":"","overlay-type":"","overlay-color":"","overlay-opacity":"","overlay-gradient":""},"mobile":{"background-color":"","background-image":"","background-repeat":"repeat","background-position":"center center","background-size":"auto","background-attachment":"scroll","background-type":"","background-media":"","overlay-type":"","overlay-color":"","overlay-opacity":"","overlay-gradient":""}},"ast-content-background-meta":{"desktop":{"background-color":"var(--ast-global-color-5)","background-image":"","background-repeat":"repeat","background-position":"center center","background-size":"auto","background-attachment":"scroll","background-type":"","background-media":"","overlay-type":"","overlay-color":"","overlay-opacity":"","overlay-gradient":""},"tablet":{"background-color":"var(--ast-global-color-5)","background-image":"","background-repeat":"repeat","background-position":"center center","background-size":"auto","background-attachment":"scroll","background-type":"","background-media":"","overlay-type":"","overlay-color":"","overlay-opacity":"","overlay-gradient":""},"mobile":{"background-color":"var(--ast-global-color-5)","background-image":"","background-repeat":"repeat","background-position":"center center","background-size":"auto","background-attachment":"scroll","background-type":"","background-media":"","overlay-type":"","overlay-color":"","overlay-opacity":"","overlay-gradient":""}},"footnotes":""},"class_list":["post-2489","page","type-page","status-publish","hentry"],"_links":{"self":[{"href":"https:\/\/oren-ziv.co.il\/pt\/wp-json\/wp\/v2\/pages\/2489","targetHints":{"allow":["GET"]}}],"collection":[{"href":"https:\/\/oren-ziv.co.il\/pt\/wp-json\/wp\/v2\/pages"}],"about":[{"href":"https:\/\/oren-ziv.co.il\/pt\/wp-json\/wp\/v2\/types\/page"}],"author":[{"embeddable":true,"href":"https:\/\/oren-ziv.co.il\/pt\/wp-json\/wp\/v2\/users\/1"}],"replies":[{"embeddable":true,"href":"https:\/\/oren-ziv.co.il\/pt\/wp-json\/wp\/v2\/comments?post=2489"}],"version-history":[{"count":0,"href":"https:\/\/oren-ziv.co.il\/pt\/wp-json\/wp\/v2\/pages\/2489\/revisions"}],"wp:attachment":[{"href":"https:\/\/oren-ziv.co.il\/pt\/wp-json\/wp\/v2\/media?parent=2489"}],"curies":[{"name":"wp","href":"https:\/\/api.w.org\/{rel}","templated":true}]}}